{"id":96,"date":"2025-12-02T13:40:43","date_gmt":"2025-12-02T13:40:43","guid":{"rendered":"https:\/\/cms2501.commu.isfsc.be\/?page_id=96"},"modified":"2025-12-29T15:32:31","modified_gmt":"2025-12-29T15:32:31","slug":"realisation","status":"publish","type":"page","link":"https:\/\/cms2501.commu.isfsc.be\/index.php\/realisation\/","title":{"rendered":"R\u00e9alisation"},"content":{"rendered":"<p>[et_pb_section fb_built=\u00a0\u00bb1&Prime; _builder_version=\u00a0\u00bb4.27.4&Prime; _module_preset=\u00a0\u00bbdefault\u00a0\u00bb background_color=\u00a0\u00bb#663D63&Prime; global_colors_info=\u00a0\u00bb{}\u00a0\u00bb][et_pb_row column_structure=\u00a0\u00bb1_2,1_2&Prime; _builder_version=\u00a0\u00bb4.27.4&Prime; _module_preset=\u00a0\u00bbdefault\u00a0\u00bb width=\u00a0\u00bb30%\u00a0\u00bb max_width=\u00a0\u00bb252px\u00a0\u00bb custom_margin=\u00a0\u00bb|auto||600px||\u00a0\u00bb global_colors_info=\u00a0\u00bb{}\u00a0\u00bb][et_pb_column type=\u00a0\u00bb1_2&Prime; _builder_version=\u00a0\u00bb4.27.4&Prime; _module_preset=\u00a0\u00bbdefault\u00a0\u00bb global_colors_info=\u00a0\u00bb{}\u00a0\u00bb][et_pb_image src=\u00a0\u00bbhttps:\/\/cms2501.commu.isfsc.be\/wp-content\/uploads\/2025\/12\/IMG_0018.jpg\u00a0\u00bb title_text=\u00a0\u00bbIMG_0018&Prime; _builder_version=\u00a0\u00bb4.27.5&Prime; _module_preset=\u00a0\u00bbdefault\u00a0\u00bb custom_margin=\u00a0\u00bb|-383px|54px|-51px||\u00a0\u00bb custom_padding=\u00a0\u00bb|||0px||\u00a0\u00bb animation_style=\u00a0\u00bbfold\u00a0\u00bb animation_direction=\u00a0\u00bbright\u00a0\u00bb animation_duration=\u00a0\u00bb2000ms\u00a0\u00bb hover_enabled=\u00a0\u00bb0&Prime; global_colors_info=\u00a0\u00bb{}\u00a0\u00bb animation_delay=\u00a0\u00bb150ms\u00a0\u00bb animation_intensity_fold=\u00a0\u00bb90%\u00a0\u00bb sticky_enabled=\u00a0\u00bb0&Prime;][\/et_pb_image][\/et_pb_column][et_pb_column type=\u00a0\u00bb1_2&Prime; _builder_version=\u00a0\u00bb4.27.4&Prime; _module_preset=\u00a0\u00bbdefault\u00a0\u00bb global_colors_info=\u00a0\u00bb{}\u00a0\u00bb][\/et_pb_column][\/et_pb_row][et_pb_row _builder_version=\u00a0\u00bb4.27.4&Prime; _module_preset=\u00a0\u00bbdefault\u00a0\u00bb global_colors_info=\u00a0\u00bb{}\u00a0\u00bb][et_pb_column type=\u00a0\u00bb4_4&Prime; _builder_version=\u00a0\u00bb4.27.4&Prime; _module_preset=\u00a0\u00bbdefault\u00a0\u00bb global_colors_info=\u00a0\u00bb{}\u00a0\u00bb][et_pb_text _builder_version=\u00a0\u00bb4.27.4&Prime; _module_preset=\u00a0\u00bbdefault\u00a0\u00bb text_font=\u00a0\u00bbMontserrat||||||||\u00a0\u00bb text_text_color=\u00a0\u00bb#FFFFFF\u00a0\u00bb text_font_size=\u00a0\u00bb45px\u00a0\u00bb global_colors_info=\u00a0\u00bb{}\u00a0\u00bb]<\/p>\n<p>Nos r\u00e9alisations<\/p>\n<p>[\/et_pb_text][\/et_pb_column][\/et_pb_row][et_pb_row column_structure=\u00a0\u00bb1_4,1_4,1_4,1_4&Prime; _builder_version=\u00a0\u00bb4.27.4&Prime; _module_preset=\u00a0\u00bbdefault\u00a0\u00bb custom_padding=\u00a0\u00bb|0px|0px|||\u00a0\u00bb global_colors_info=\u00a0\u00bb{}\u00a0\u00bb][et_pb_column type=\u00a0\u00bb1_4&Prime; _builder_version=\u00a0\u00bb4.27.4&Prime; _module_preset=\u00a0\u00bbdefault\u00a0\u00bb global_colors_info=\u00a0\u00bb{}\u00a0\u00bb][et_pb_sidebar _builder_version=\u00a0\u00bb4.27.4&Prime; _module_preset=\u00a0\u00bbdefault\u00a0\u00bb global_colors_info=\u00a0\u00bb{}\u00a0\u00bb][\/et_pb_sidebar][et_pb_toggle title=\u00a0\u00bbCampagne 360\u00b0\u00a0\u00bb _builder_version=\u00a0\u00bb4.27.4&Prime; _module_preset=\u00a0\u00bbdefault\u00a0\u00bb title_text_color=\u00a0\u00bb#FFFFFF\u00a0\u00bb title_font=\u00a0\u00bbMontserrat||||||||\u00a0\u00bb background_color=\u00a0\u00bb#663D63&Prime; inline_fonts=\u00a0\u00bbMontserrat\u00a0\u00bb global_colors_info=\u00a0\u00bb{}\u00a0\u00bb]<\/p>\n<p data-start=\"232\" data-end=\"618\"><span style=\"color: #ffffff; font-family: Montserrat;\">Nous avons r\u00e9alis\u00e9 une campagne 360\u00b0 pour Chouke, une marque skincare hormonale en lancement.<\/span><br data-start=\"329\" data-end=\"332\" \/><span style=\"color: #ffffff; font-family: Montserrat;\">Notre r\u00f4le : comprendre le contexte, d\u00e9finir l\u2019univers, r\u00e9soudre le manque de visibilit\u00e9, et proposer une solution coh\u00e9rente. Identit\u00e9 visuelle, direction artistique, contenus, supports r\u00e9seaux et pr\u00e9paration presse : tout a \u00e9t\u00e9 pens\u00e9 pour cr\u00e9er de l\u2019int\u00e9r\u00eat avant la commercialisation.<\/span><\/p>\n<p data-start=\"620\" data-end=\"765\"><span style=\"color: #ffffff; font-family: Montserrat;\">Ce projet est un exemple r\u00e9el de notre accompagnement : une mission compl\u00e8te, une marque install\u00e9e, et une vraie preuve sociale de notre travail.<\/span><\/p>\n<p>[\/et_pb_toggle][et_pb_image src=\u00a0\u00bbhttps:\/\/cms2501.commu.isfsc.be\/wp-content\/uploads\/2025\/12\/logo-Chouke-blanc.jpg\u00a0\u00bb title_text=\u00a0\u00bblogo Chouke blanc\u00a0\u00bb _builder_version=\u00a0\u00bb4.27.4&Prime; _module_preset=\u00a0\u00bbdefault\u00a0\u00bb global_colors_info=\u00a0\u00bb{}\u00a0\u00bb][\/et_pb_image][et_pb_image src=\u00a0\u00bbhttps:\/\/cms2501.commu.isfsc.be\/wp-content\/uploads\/2025\/12\/IMG_0046.jpg\u00a0\u00bb title_text=\u00a0\u00bbScreenshot\u00a0\u00bb _builder_version=\u00a0\u00bb4.27.4&Prime; _module_preset=\u00a0\u00bbdefault\u00a0\u00bb locked=\u00a0\u00bboff\u00a0\u00bb global_colors_info=\u00a0\u00bb{}\u00a0\u00bb][\/et_pb_image][\/et_pb_column][et_pb_column type=\u00a0\u00bb1_4&Prime; _builder_version=\u00a0\u00bb4.27.4&Prime; _module_preset=\u00a0\u00bbdefault\u00a0\u00bb global_colors_info=\u00a0\u00bb{}\u00a0\u00bb][et_pb_sidebar _builder_version=\u00a0\u00bb4.27.4&Prime; _module_preset=\u00a0\u00bbdefault\u00a0\u00bb header_font=\u00a0\u00bbMontserrat||||||||\u00a0\u00bb global_colors_info=\u00a0\u00bb{}\u00a0\u00bb][\/et_pb_sidebar][et_pb_toggle title=\u00a0\u00bb\u00c9v\u00e8nement \u00a0\u00bb _builder_version=\u00a0\u00bb4.27.4&Prime; _module_preset=\u00a0\u00bbdefault\u00a0\u00bb title_text_color=\u00a0\u00bb#FFFFFF\u00a0\u00bb title_font=\u00a0\u00bbMontserrat||||||||\u00a0\u00bb background_color=\u00a0\u00bb#663D63&Prime; inline_fonts=\u00a0\u00bbMontserrat\u00a0\u00bb global_colors_info=\u00a0\u00bb{}\u00a0\u00bb]<\/p>\n<p data-start=\"202\" data-end=\"497\"><span style=\"font-family: Montserrat; font-weight: normal; color: #ffffff;\">Nous avons organis\u00e9 un \u00e9v\u00e9nement pour le Forum des Jeunes de Bruxelles \u00e0 l\u2019occasion de leur 5\u1d49 anniversaire. L\u2019objectif \u00e9tait de cr\u00e9er un moment de rencontre, de c\u00e9l\u00e9bration et de mise en valeur de leurs actions, tout en leur offrant plus de visibilit\u00e9 et d\u2019impact aupr\u00e8s de leur communaut\u00e9.<\/span><\/p>\n<p>[\/et_pb_toggle][et_pb_image src=\u00a0\u00bbhttps:\/\/cms2501.commu.isfsc.be\/wp-content\/uploads\/2025\/12\/IMG_0084.jpg\u00a0\u00bb title_text=\u00a0\u00bbIMG_0084&Prime; _builder_version=\u00a0\u00bb4.27.4&Prime; _module_preset=\u00a0\u00bbdefault\u00a0\u00bb global_colors_info=\u00a0\u00bb{}\u00a0\u00bb][\/et_pb_image][et_pb_image src=\u00a0\u00bbhttps:\/\/cms2501.commu.isfsc.be\/wp-content\/uploads\/2025\/12\/2022-01-31.jpg\u00a0\u00bb title_text=\u00a0\u00bb2022-01-31&Prime; _builder_version=\u00a0\u00bb4.27.4&Prime; _module_preset=\u00a0\u00bbdefault\u00a0\u00bb global_colors_info=\u00a0\u00bb{}\u00a0\u00bb][\/et_pb_image][\/et_pb_column][et_pb_column type=\u00a0\u00bb1_4&Prime; _builder_version=\u00a0\u00bb4.27.4&Prime; _module_preset=\u00a0\u00bbdefault\u00a0\u00bb global_colors_info=\u00a0\u00bb{}\u00a0\u00bb][et_pb_sidebar _builder_version=\u00a0\u00bb4.27.4&Prime; _module_preset=\u00a0\u00bbdefault\u00a0\u00bb global_colors_info=\u00a0\u00bb{}\u00a0\u00bb][\/et_pb_sidebar][et_pb_toggle title=\u00a0\u00bbPress \u00a0\u00bb open_toggle_text_color=\u00a0\u00bb#FFFFFF\u00a0\u00bb _builder_version=\u00a0\u00bb4.27.4&Prime; _module_preset=\u00a0\u00bbdefault\u00a0\u00bb title_text_color=\u00a0\u00bb#FFFFFF\u00a0\u00bb title_font=\u00a0\u00bbMontserrat||||||||\u00a0\u00bb body_text_color=\u00a0\u00bb#D6CAE3&Prime; background_color=\u00a0\u00bb#663D63&Prime; inline_fonts=\u00a0\u00bbMontserrat\u00a0\u00bb global_colors_info=\u00a0\u00bb{}\u00a0\u00bb]<\/p>\n<p><span style=\"font-family: Montserrat;\">Derni\u00e8rement nous avons travaill\u00e9 avec l&rsquo;influenceuse belge Louane. Nous avons mis notre casquette d&rsquo;agence press afin de mettre en avant sa nouvelle marque de patch pour le visage bio ! <\/span><ngx-speller-corrected-phrase _ngcontent-serverapp-c113=\"\" _nghost-serverapp-c112=\"\" class=\"ng-star-inserted\"><span _ngcontent-serverapp-c112=\"\" class=\"corrected-phrase ng-star-inserted\" data-end=\"3\" data-originaltext=\"Mais\" data-start=\"0\" data-text=\"\"><span _ngcontent-serverapp-c112=\"\" class=\"corrected-phrase__displayed-text corrected-phrase__displayed-text_no-correction ng-star-inserted\" style=\"font-family: Montserrat;\">Mais<\/span><\/span><\/ngx-speller-corrected-phrase><ngx-speller-corrected-phrase _ngcontent-serverapp-c113=\"\" _nghost-serverapp-c112=\"\" class=\"ng-star-inserted\"><span _ngcontent-serverapp-c112=\"\" class=\"corrected-phrase ng-star-inserted\" data-end=\"4\" data-originaltext=\" \" data-start=\"4\" data-text=\"\"><span _ngcontent-serverapp-c112=\"\" class=\"corrected-phrase__displayed-text corrected-phrase__displayed-text_no-correction ng-star-inserted\" style=\"font-family: Montserrat;\"> <\/span><\/span><\/ngx-speller-corrected-phrase><ngx-speller-corrected-phrase _ngcontent-serverapp-c113=\"\" _nghost-serverapp-c112=\"\" class=\"ng-star-inserted\"><span _ngcontent-serverapp-c112=\"\" class=\"corrected-phrase ng-star-inserted\" data-end=\"8\" data-originaltext=\"elle\" data-start=\"5\" data-text=\"\"><span _ngcontent-serverapp-c112=\"\" class=\"corrected-phrase__displayed-text corrected-phrase__displayed-text_no-correction ng-star-inserted\" style=\"font-family: Montserrat;\">elle<\/span><\/span><\/ngx-speller-corrected-phrase><ngx-speller-corrected-phrase _ngcontent-serverapp-c113=\"\" _nghost-serverapp-c112=\"\" class=\"ng-star-inserted\"><span _ngcontent-serverapp-c112=\"\" class=\"corrected-phrase ng-star-inserted\" data-end=\"9\" data-originaltext=\" \" data-start=\"9\" data-text=\"\"><span _ngcontent-serverapp-c112=\"\" class=\"corrected-phrase__displayed-text corrected-phrase__displayed-text_no-correction ng-star-inserted\" style=\"font-family: Montserrat;\"> <\/span><\/span><\/ngx-speller-corrected-phrase><ngx-speller-corrected-phrase _ngcontent-serverapp-c113=\"\" _nghost-serverapp-c112=\"\" class=\"ng-star-inserted\"><span _ngcontent-serverapp-c112=\"\" class=\"corrected-phrase ng-star-inserted\" data-end=\"16\" data-originaltext=\"voulait\" data-start=\"10\" data-text=\"\"><span _ngcontent-serverapp-c112=\"\" class=\"corrected-phrase__displayed-text corrected-phrase__displayed-text_no-correction ng-star-inserted\" style=\"font-family: Montserrat;\">voulait<\/span><\/span><\/ngx-speller-corrected-phrase><ngx-speller-corrected-phrase _ngcontent-serverapp-c113=\"\" _nghost-serverapp-c112=\"\" class=\"ng-star-inserted\"><span _ngcontent-serverapp-c112=\"\" class=\"corrected-phrase ng-star-inserted\" data-end=\"17\" data-originaltext=\" \" data-start=\"17\" data-text=\"\"><span _ngcontent-serverapp-c112=\"\" class=\"corrected-phrase__displayed-text corrected-phrase__displayed-text_no-correction ng-star-inserted\" style=\"font-family: Montserrat;\"> <\/span><\/span><\/ngx-speller-corrected-phrase><ngx-speller-corrected-phrase _ngcontent-serverapp-c113=\"\" _nghost-serverapp-c112=\"\" class=\"ng-star-inserted\"><span _ngcontent-serverapp-c112=\"\" class=\"corrected-phrase ng-star-inserted\" data-end=\"24\" data-originaltext=\"surtout\" data-start=\"18\" data-text=\"\"><span _ngcontent-serverapp-c112=\"\" class=\"corrected-phrase__displayed-text corrected-phrase__displayed-text_no-correction ng-star-inserted\" style=\"font-family: Montserrat;\">surtout<\/span><\/span><\/ngx-speller-corrected-phrase><ngx-speller-corrected-phrase _ngcontent-serverapp-c113=\"\" _nghost-serverapp-c112=\"\" class=\"ng-star-inserted\"><span _ngcontent-serverapp-c112=\"\" class=\"corrected-phrase ng-star-inserted\" data-end=\"25\" data-originaltext=\" \" data-start=\"25\" data-text=\"\"><span _ngcontent-serverapp-c112=\"\" class=\"corrected-phrase__displayed-text corrected-phrase__displayed-text_no-correction ng-star-inserted\" style=\"font-family: Montserrat;\"> <\/span><\/span><\/ngx-speller-corrected-phrase><ngx-speller-corrected-phrase _ngcontent-serverapp-c113=\"\" _nghost-serverapp-c112=\"\" class=\"ng-star-inserted\"><span _ngcontent-serverapp-c112=\"\" class=\"corrected-phrase ng-star-inserted\" data-end=\"27\" data-originaltext=\"se\" data-start=\"26\" data-text=\"\"><span _ngcontent-serverapp-c112=\"\" class=\"corrected-phrase__displayed-text corrected-phrase__displayed-text_no-correction ng-star-inserted\" style=\"font-family: Montserrat;\">se<\/span><\/span><\/ngx-speller-corrected-phrase><ngx-speller-corrected-phrase _ngcontent-serverapp-c113=\"\" _nghost-serverapp-c112=\"\" class=\"ng-star-inserted\"><span _ngcontent-serverapp-c112=\"\" class=\"corrected-phrase ng-star-inserted\" data-end=\"28\" data-originaltext=\" \" data-start=\"28\" data-text=\"\"><span _ngcontent-serverapp-c112=\"\" class=\"corrected-phrase__displayed-text corrected-phrase__displayed-text_no-correction ng-star-inserted\" style=\"font-family: Montserrat;\"> <\/span><\/span><\/ngx-speller-corrected-phrase><ngx-speller-corrected-phrase _ngcontent-serverapp-c113=\"\" _nghost-serverapp-c112=\"\" class=\"ng-star-inserted\"><span _ngcontent-serverapp-c112=\"\" class=\"corrected-phrase ng-star-inserted\" data-end=\"36\" data-originaltext=\"d\u00e9tacher\" data-start=\"29\" data-text=\"\"><span _ngcontent-serverapp-c112=\"\" class=\"corrected-phrase__displayed-text corrected-phrase__displayed-text_no-correction ng-star-inserted\" style=\"font-family: Montserrat;\">d\u00e9tacher<\/span><\/span><\/ngx-speller-corrected-phrase><ngx-speller-corrected-phrase _ngcontent-serverapp-c113=\"\" _nghost-serverapp-c112=\"\" class=\"ng-star-inserted\"><span _ngcontent-serverapp-c112=\"\" class=\"corrected-phrase ng-star-inserted\" data-end=\"37\" data-originaltext=\" \" data-start=\"37\" data-text=\"\"><span _ngcontent-serverapp-c112=\"\" class=\"corrected-phrase__displayed-text corrected-phrase__displayed-text_no-correction ng-star-inserted\" style=\"font-family: Montserrat;\"> <\/span><\/span><\/ngx-speller-corrected-phrase><ngx-speller-corrected-phrase _ngcontent-serverapp-c113=\"\" _nghost-serverapp-c112=\"\" class=\"ng-star-inserted\"><span _ngcontent-serverapp-c112=\"\" class=\"corrected-phrase ng-star-inserted\" data-end=\"39\" data-originaltext=\"de\" data-start=\"38\" data-text=\"\"><span _ngcontent-serverapp-c112=\"\" class=\"corrected-phrase__displayed-text corrected-phrase__displayed-text_no-correction ng-star-inserted\" style=\"font-family: Montserrat;\">de<\/span><\/span><\/ngx-speller-corrected-phrase><ngx-speller-corrected-phrase _ngcontent-serverapp-c113=\"\" _nghost-serverapp-c112=\"\" class=\"ng-star-inserted\"><span _ngcontent-serverapp-c112=\"\" class=\"corrected-phrase ng-star-inserted\" data-end=\"40\" data-originaltext=\" \" data-start=\"40\" data-text=\"\"><span _ngcontent-serverapp-c112=\"\" class=\"corrected-phrase__displayed-text corrected-phrase__displayed-text_no-correction ng-star-inserted\" style=\"font-family: Montserrat;\"> <\/span><\/span><\/ngx-speller-corrected-phrase><ngx-speller-corrected-phrase _ngcontent-serverapp-c113=\"\" _nghost-serverapp-c112=\"\" class=\"ng-star-inserted\"><span _ngcontent-serverapp-c112=\"\" class=\"corrected-phrase ng-star-inserted\" data-end=\"43\" data-originaltext=\"son\" data-start=\"41\" data-text=\"\"><span _ngcontent-serverapp-c112=\"\" class=\"corrected-phrase__displayed-text corrected-phrase__displayed-text_no-correction ng-star-inserted\" style=\"font-family: Montserrat;\">son<\/span><\/span><\/ngx-speller-corrected-phrase><ngx-speller-corrected-phrase _ngcontent-serverapp-c113=\"\" _nghost-serverapp-c112=\"\" class=\"ng-star-inserted\"><span _ngcontent-serverapp-c112=\"\" class=\"corrected-phrase ng-star-inserted\" data-end=\"44\" data-originaltext=\" \" data-start=\"44\" data-text=\"\"><span _ngcontent-serverapp-c112=\"\" class=\"corrected-phrase__displayed-text corrected-phrase__displayed-text_no-correction ng-star-inserted\" style=\"font-family: Montserrat;\"> <\/span><\/span><\/ngx-speller-corrected-phrase><ngx-speller-corrected-phrase _ngcontent-serverapp-c113=\"\" _nghost-serverapp-c112=\"\" class=\"ng-star-inserted\"><span _ngcontent-serverapp-c112=\"\" class=\"corrected-phrase ng-star-inserted\" data-end=\"49\" data-originaltext=\"image\" data-start=\"45\" data-text=\"\"><span _ngcontent-serverapp-c112=\"\" class=\"corrected-phrase__displayed-text corrected-phrase__displayed-text_no-correction ng-star-inserted\" style=\"font-family: Montserrat;\">image<\/span><\/span><\/ngx-speller-corrected-phrase><ngx-speller-corrected-phrase _ngcontent-serverapp-c113=\"\" _nghost-serverapp-c112=\"\" class=\"ng-star-inserted\"><span _ngcontent-serverapp-c112=\"\" class=\"corrected-phrase ng-star-inserted\" data-end=\"50\" data-originaltext=\" \" data-start=\"50\" data-text=\"\"><span _ngcontent-serverapp-c112=\"\" class=\"corrected-phrase__displayed-text corrected-phrase__displayed-text_no-correction ng-star-inserted\" style=\"font-family: Montserrat;\"> <\/span><\/span><\/ngx-speller-corrected-phrase><ngx-speller-corrected-phrase _ngcontent-serverapp-c113=\"\" _nghost-serverapp-c112=\"\" class=\"ng-star-inserted\"><span _ngcontent-serverapp-c112=\"\" class=\"corrected-phrase ng-star-inserted\" data-end=\"52\" data-originaltext=\"de\" data-start=\"51\" data-text=\"\"><span _ngcontent-serverapp-c112=\"\" class=\"corrected-phrase__displayed-text corrected-phrase__displayed-text_no-correction ng-star-inserted\" style=\"font-family: Montserrat;\">de<\/span><\/span><\/ngx-speller-corrected-phrase><ngx-speller-corrected-phrase _ngcontent-serverapp-c113=\"\" _nghost-serverapp-c112=\"\" class=\"ng-star-inserted\"><span _ngcontent-serverapp-c112=\"\" class=\"corrected-phrase ng-star-inserted\" data-end=\"53\" data-originaltext=\" \" data-start=\"53\" data-text=\"\"><span _ngcontent-serverapp-c112=\"\" class=\"corrected-phrase__displayed-text corrected-phrase__displayed-text_no-correction ng-star-inserted\" style=\"font-family: Montserrat;\"> <\/span><\/span><\/ngx-speller-corrected-phrase><ngx-speller-corrected-phrase _ngcontent-serverapp-c113=\"\" _nghost-serverapp-c112=\"\" class=\"ng-star-inserted\"><span _ngcontent-serverapp-c112=\"\" class=\"corrected-phrase ng-star-inserted\" data-end=\"65\" data-originaltext=\"t\u00e9l\u00e9-r\u00e9alit\u00e9\" data-start=\"54\" data-text=\"\"><span style=\"font-family: Montserrat;\"><span _ngcontent-serverapp-c112=\"\" class=\"corrected-phrase__displayed-text corrected-phrase__displayed-text_no-correction ng-star-inserted\">t\u00e9l\u00e9<\/span><span _ngcontent-serverapp-c112=\"\" class=\"corrected-phrase__displayed-text corrected-phrase__displayed-text_no-correction ng-star-inserted\">&#8211;<\/span><span _ngcontent-serverapp-c112=\"\" class=\"corrected-phrase__displayed-text corrected-phrase__displayed-text_no-correction ng-star-inserted\">r\u00e9alit\u00e9<\/span><\/span><\/span><\/ngx-speller-corrected-phrase><span style=\"font-family: Montserrat;\">. Nous avions organis\u00e9 une journ\u00e9e que pour la presse et une autre pour les influenceurs. R\u00e9sultat ? Plusieurs articles sont parus, et cela encore aujourd&rsquo;hui \ud83d\ude09<\/span><\/p>\n<p>&nbsp;<\/p>\n<p>[\/et_pb_toggle][et_pb_image src=\u00a0\u00bbhttps:\/\/cms2501.commu.isfsc.be\/wp-content\/uploads\/2025\/12\/louana-1-pdf.jpg\u00a0\u00bb title_text=\u00a0\u00bblouana\u00a0\u00bb _builder_version=\u00a0\u00bb4.27.4&Prime; _module_preset=\u00a0\u00bbdefault\u00a0\u00bb global_colors_info=\u00a0\u00bb{}\u00a0\u00bb][\/et_pb_image][\/et_pb_column][et_pb_column type=\u00a0\u00bb1_4&Prime; _builder_version=\u00a0\u00bb4.27.4&Prime; _module_preset=\u00a0\u00bbdefault\u00a0\u00bb global_colors_info=\u00a0\u00bb{}\u00a0\u00bb][et_pb_sidebar _builder_version=\u00a0\u00bb4.27.4&Prime; _module_preset=\u00a0\u00bbdefault\u00a0\u00bb global_colors_info=\u00a0\u00bb{}\u00a0\u00bb][\/et_pb_sidebar][et_pb_toggle title=\u00a0\u00bbCampagne 360\u00b0\u00a0\u00bb _builder_version=\u00a0\u00bb4.27.4&Prime; _module_preset=\u00a0\u00bbdefault\u00a0\u00bb title_text_color=\u00a0\u00bb#FFFFFF\u00a0\u00bb title_font=\u00a0\u00bbMontserrat||||||||\u00a0\u00bb background_color=\u00a0\u00bb#663D63&Prime; inline_fonts=\u00a0\u00bbMontserrat\u00a0\u00bb global_colors_info=\u00a0\u00bb{}\u00a0\u00bb]<\/p>\n<p data-start=\"401\" data-end=\"648\"><span style=\"font-family: Montserrat; font-weight: normal; color: #ffffff;\">Nous avons imagin\u00e9 une activation inspir\u00e9e de l\u2019univers Yves Rocher, autour d\u2019une approche naturelle, v\u00e9g\u00e9tale et sensorielle. L\u2019objectif : moderniser l\u2019exp\u00e9rience, renforcer l\u2019image \u201csoin &amp; nature\u201d et cr\u00e9er un lien plus humain avec le public.<\/span><\/p>\n<p data-start=\"650\" data-end=\"848\"><span style=\"font-family: Montserrat; font-weight: normal; color: #ffffff;\">Direction artistique, contenus visuels, storytelling, supports r\u00e9seaux et mise en sc\u00e8ne d\u2019un moment d\u00e9couverte : tout a \u00e9t\u00e9 pens\u00e9 pour refl\u00e9ter l\u2019ADN de la marque, entre beaut\u00e9, nature et bien-\u00eatre.<\/span><\/p>\n<p>[\/et_pb_toggle][et_pb_image src=\u00a0\u00bbhttps:\/\/cms2501.commu.isfsc.be\/wp-content\/uploads\/2025\/12\/IMG_0086.webp\u00a0\u00bb title_text=\u00a0\u00bbIMG_0086&Prime; _builder_version=\u00a0\u00bb4.27.4&Prime; _module_preset=\u00a0\u00bbdefault\u00a0\u00bb global_colors_info=\u00a0\u00bb{}\u00a0\u00bb][\/et_pb_image][et_pb_image src=\u00a0\u00bbhttps:\/\/cms2501.commu.isfsc.be\/wp-content\/uploads\/2025\/12\/yveee-pdf.jpg\u00a0\u00bb title_text=\u00a0\u00bbyveee\u00a0\u00bb _builder_version=\u00a0\u00bb4.27.4&Prime; _module_preset=\u00a0\u00bbdefault\u00a0\u00bb global_colors_info=\u00a0\u00bb{}\u00a0\u00bb][\/et_pb_image][\/et_pb_column][\/et_pb_row][et_pb_row _builder_version=\u00a0\u00bb4.27.4&Prime; _module_preset=\u00a0\u00bbdefault\u00a0\u00bb custom_margin=\u00a0\u00bb-9px|auto||auto||\u00a0\u00bb global_colors_info=\u00a0\u00bb{}\u00a0\u00bb][et_pb_column type=\u00a0\u00bb4_4&Prime; _builder_version=\u00a0\u00bb4.27.4&Prime; _module_preset=\u00a0\u00bbdefault\u00a0\u00bb global_colors_info=\u00a0\u00bb{}\u00a0\u00bb][et_pb_button button_url=\u00a0\u00bbhttps:\/\/cms2501.commu.isfsc.be\/?page_id=26&#038;et_fb=1&#038;PageSpeed=off\u00a0\u00bb button_text=\u00a0\u00bbAccueil \u00a0\u00bb _builder_version=\u00a0\u00bb4.27.4&Prime; _module_preset=\u00a0\u00bbdefault\u00a0\u00bb custom_button=\u00a0\u00bbon\u00a0\u00bb button_text_color=\u00a0\u00bb#D6CAE3&Prime; custom_padding=\u00a0\u00bb||28px|||\u00a0\u00bb global_colors_info=\u00a0\u00bb{}\u00a0\u00bb][\/et_pb_button][\/et_pb_column][\/et_pb_row][\/et_pb_section]<\/p>\n","protected":false},"excerpt":{"rendered":"<p>Nos r\u00e9alisationsNous avons r\u00e9alis\u00e9 une campagne 360\u00b0 pour Chouke, une marque skincare hormonale en lancement.Notre r\u00f4le : comprendre le contexte, d\u00e9finir l\u2019univers, r\u00e9soudre le manque de visibilit\u00e9, et proposer une solution coh\u00e9rente. Identit\u00e9 visuelle, direction artistique, contenus, supports r\u00e9seaux et pr\u00e9paration presse : tout a \u00e9t\u00e9 pens\u00e9 pour cr\u00e9er de l\u2019int\u00e9r\u00eat avant la commercialisation. Ce [&hellip;]<\/p>\n","protected":false},"author":2,"featured_media":0,"parent":0,"menu_order":0,"comment_status":"closed","ping_status":"closed","template":"","meta":{"_et_pb_use_builder":"on","_et_pb_old_content":"","_et_gb_content_width":"","footnotes":""},"class_list":["post-96","page","type-page","status-publish","hentry"],"_links":{"self":[{"href":"https:\/\/cms2501.commu.isfsc.be\/index.php\/wp-json\/wp\/v2\/pages\/96","targetHints":{"allow":["GET"]}}],"collection":[{"href":"https:\/\/cms2501.commu.isfsc.be\/index.php\/wp-json\/wp\/v2\/pages"}],"about":[{"href":"https:\/\/cms2501.commu.isfsc.be\/index.php\/wp-json\/wp\/v2\/types\/page"}],"author":[{"embeddable":true,"href":"https:\/\/cms2501.commu.isfsc.be\/index.php\/wp-json\/wp\/v2\/users\/2"}],"replies":[{"embeddable":true,"href":"https:\/\/cms2501.commu.isfsc.be\/index.php\/wp-json\/wp\/v2\/comments?post=96"}],"version-history":[{"count":18,"href":"https:\/\/cms2501.commu.isfsc.be\/index.php\/wp-json\/wp\/v2\/pages\/96\/revisions"}],"predecessor-version":[{"id":454,"href":"https:\/\/cms2501.commu.isfsc.be\/index.php\/wp-json\/wp\/v2\/pages\/96\/revisions\/454"}],"wp:attachment":[{"href":"https:\/\/cms2501.commu.isfsc.be\/index.php\/wp-json\/wp\/v2\/media?parent=96"}],"curies":[{"name":"wp","href":"https:\/\/api.w.org\/{rel}","templated":true}]}}