{"id":87,"date":"2025-12-02T13:40:59","date_gmt":"2025-12-02T13:40:59","guid":{"rendered":"https:\/\/cms2501.commu.isfsc.be\/?page_id=87"},"modified":"2025-12-29T15:33:04","modified_gmt":"2025-12-29T15:33:04","slug":"services","status":"publish","type":"page","link":"https:\/\/cms2501.commu.isfsc.be\/index.php\/services\/","title":{"rendered":"Services"},"content":{"rendered":"<p>[et_pb_section fb_built=\u00a0\u00bb1&Prime; _builder_version=\u00a0\u00bb4.27.4&Prime; _module_preset=\u00a0\u00bbdefault\u00a0\u00bb background_color=\u00a0\u00bb#663D63&Prime; global_colors_info=\u00a0\u00bb{}\u00a0\u00bb][et_pb_row _builder_version=\u00a0\u00bb4.27.4&Prime; _module_preset=\u00a0\u00bbdefault\u00a0\u00bb global_colors_info=\u00a0\u00bb{}\u00a0\u00bb][et_pb_column type=\u00a0\u00bb4_4&Prime; _builder_version=\u00a0\u00bb4.27.4&Prime; _module_preset=\u00a0\u00bbdefault\u00a0\u00bb global_colors_info=\u00a0\u00bb{}\u00a0\u00bb][et_pb_image src=\u00a0\u00bbhttps:\/\/cms2501.commu.isfsc.be\/wp-content\/uploads\/2025\/12\/IMG_0018-1.jpg\u00a0\u00bb title_text=\u00a0\u00bbIMG_0018&Prime; _builder_version=\u00a0\u00bb4.27.5&Prime; _module_preset=\u00a0\u00bbdefault\u00a0\u00bb width=\u00a0\u00bb51%\u00a0\u00bb max_width=\u00a0\u00bb80%\u00a0\u00bb module_alignment=\u00a0\u00bbcenter\u00a0\u00bb min_height=\u00a0\u00bb100px\u00a0\u00bb animation_style=\u00a0\u00bbfold\u00a0\u00bb animation_direction=\u00a0\u00bbright\u00a0\u00bb animation_delay=\u00a0\u00bb150ms\u00a0\u00bb animation_intensity_fold=\u00a0\u00bb90%\u00a0\u00bb hover_enabled=\u00a0\u00bb0&Prime; global_colors_info=\u00a0\u00bb{}\u00a0\u00bb animation_duration=\u00a0\u00bb2000ms\u00a0\u00bb sticky_enabled=\u00a0\u00bb0&Prime;][\/et_pb_image][\/et_pb_column][\/et_pb_row][et_pb_row _builder_version=\u00a0\u00bb4.27.4&Prime; _module_preset=\u00a0\u00bbdefault\u00a0\u00bb global_colors_info=\u00a0\u00bb{}\u00a0\u00bb][et_pb_column type=\u00a0\u00bb4_4&Prime; _builder_version=\u00a0\u00bb4.27.4&Prime; _module_preset=\u00a0\u00bbdefault\u00a0\u00bb global_colors_info=\u00a0\u00bb{}\u00a0\u00bb][et_pb_text _builder_version=\u00a0\u00bb4.27.4&Prime; _module_preset=\u00a0\u00bbdefault\u00a0\u00bb text_font=\u00a0\u00bbMontserrat||||||||\u00a0\u00bb text_text_color=\u00a0\u00bb#FFFFFF\u00a0\u00bb text_font_size=\u00a0\u00bb45px\u00a0\u00bb header_font=\u00a0\u00bbMontserrat||||||||\u00a0\u00bb header_font_size=\u00a0\u00bb49px\u00a0\u00bb global_colors_info=\u00a0\u00bb{}\u00a0\u00bb]<\/p>\n<p>Services<\/p>\n<p>[\/et_pb_text][\/et_pb_column][\/et_pb_row][et_pb_row column_structure=\u00a0\u00bb1_3,1_3,1_3&Prime; _builder_version=\u00a0\u00bb4.27.4&Prime; _module_preset=\u00a0\u00bbdefault\u00a0\u00bb global_colors_info=\u00a0\u00bb{}\u00a0\u00bb][et_pb_column type=\u00a0\u00bb1_3&Prime; _builder_version=\u00a0\u00bb4.27.4&Prime; _module_preset=\u00a0\u00bbdefault\u00a0\u00bb global_colors_info=\u00a0\u00bb{}\u00a0\u00bb][et_pb_toggle title=\u00a0\u00bbCampagnes 360\u00b0\u00a0\u00bb open_toggle_text_color=\u00a0\u00bb#FFFFFF\u00a0\u00bb _builder_version=\u00a0\u00bb4.27.4&Prime; _module_preset=\u00a0\u00bbdefault\u00a0\u00bb title_text_color=\u00a0\u00bb#FFFFFF\u00a0\u00bb title_font=\u00a0\u00bbMontserrat||||||||\u00a0\u00bb body_text_color=\u00a0\u00bb#D6CAE3&Prime; background_color=\u00a0\u00bb#663D63&Prime; inline_fonts=\u00a0\u00bbMontserrat\u00a0\u00bb global_colors_info=\u00a0\u00bb{}\u00a0\u00bb]<\/p>\n<p><span style=\"color: #ffffff; font-family: Montserrat; font-weight: normal;\">Imaginer et d\u00e9ployer une campagne 360\u00b0 qui vous ressemble : digital, r\u00e9seau sociaux, contenu, affichage, presse, collaborations ou activation terrain. L\u2019objectif n\u2019est pas d\u2019\u00eatre partout, mais d\u2019\u00eatre pr\u00e9sent l\u00e0 o\u00f9 \u00e7a a du sens. Nous construisons une campagne coh\u00e9rente, align\u00e9e \u00e0 vos valeurs, du concept \u00e0 la diffusion, pour donner de la visibilit\u00e9 \u00e0 votre projet et toucher les bonnes personnes.<\/span><\/p>\n<p>[\/et_pb_toggle][\/et_pb_column][et_pb_column type=\u00a0\u00bb1_3&Prime; _builder_version=\u00a0\u00bb4.27.4&Prime; _module_preset=\u00a0\u00bbdefault\u00a0\u00bb global_colors_info=\u00a0\u00bb{}\u00a0\u00bb][et_pb_toggle title=\u00a0\u00bb\u00c9v\u00e9nementiel &#038; Rencontres\u00a0\u00bb open_toggle_text_color=\u00a0\u00bb#FFFFFF\u00a0\u00bb _builder_version=\u00a0\u00bb4.27.4&Prime; _module_preset=\u00a0\u00bbdefault\u00a0\u00bb title_text_color=\u00a0\u00bb#FFFFFF\u00a0\u00bb title_font=\u00a0\u00bbMontserrat||||||||\u00a0\u00bb body_text_color=\u00a0\u00bb#D6CAE3&Prime; background_color=\u00a0\u00bb#663D63&Prime; inline_fonts=\u00a0\u00bbMontserrat\u00a0\u00bb global_colors_info=\u00a0\u00bb{}\u00a0\u00bb]<\/p>\n<p data-start=\"209\" data-end=\"573\"><span style=\"font-family: Montserrat; font-weight: normal; color: #ffffff;\">Cr\u00e9er un \u00e9v\u00e9nement qui vous ressemble : un lancement, une rencontre, un pop-up, une exp\u00e9rience simple ou plus ambitieuse. L\u2019objectif n\u2019est pas seulement de remplir une salle, mais de rapprocher les gens et de faire vivre votre univers. Nous imaginons, organisons et mettons en sc\u00e8ne l\u2019\u00e9v\u00e9nement avec sinc\u00e9rit\u00e9, intention et une attention r\u00e9elle \u00e0 l\u2019exp\u00e9rience.<\/span><\/p>\n<p>[\/et_pb_toggle][\/et_pb_column][et_pb_column type=\u00a0\u00bb1_3&Prime; _builder_version=\u00a0\u00bb4.27.4&Prime; _module_preset=\u00a0\u00bbdefault\u00a0\u00bb global_colors_info=\u00a0\u00bb{}\u00a0\u00bb][et_pb_toggle title=\u00a0\u00bbPresse &#038; Influence\u00a0\u00bb open_toggle_text_color=\u00a0\u00bb#FFFFFF\u00a0\u00bb _builder_version=\u00a0\u00bb4.27.4&Prime; _module_preset=\u00a0\u00bbdefault\u00a0\u00bb title_text_color=\u00a0\u00bb#FFFFFF\u00a0\u00bb title_font=\u00a0\u00bbMontserrat||||||||\u00a0\u00bb body_text_color=\u00a0\u00bb#D6CAE3&Prime; background_color=\u00a0\u00bb#663D63&Prime; inline_fonts=\u00a0\u00bbMontserrat\u00a0\u00bb global_colors_info=\u00a0\u00bb{}\u00a0\u00bb]<\/p>\n<p data-start=\"96\" data-end=\"562\"><span style=\"font-family: Montserrat; font-weight: normal; color: #ffffff;\">Depuis deux ans, nous collaborons avec des influenceurs et la presse pour donner de la visibilit\u00e9 aux projets que nous accompagnons. Qu\u2019il s\u2019agisse d\u2019inviter la presse \u00e0 un lancement, d\u2019obtenir une interview exclusive ou de cr\u00e9er un relais m\u00e9diatique, notre objectif reste le m\u00eame : soutenir les jeunes entrepreneurs dans leur d\u00e9veloppement et les aider \u00e0 se faire conna\u00eetre \u2014 pour un livre, une marque de v\u00eatements, un lancement de produit ou un projet musical.<\/span><\/p>\n<p>&nbsp;<\/p>\n<p>[\/et_pb_toggle][\/et_pb_column][\/et_pb_row][et_pb_row _builder_version=\u00a0\u00bb4.27.4&Prime; _module_preset=\u00a0\u00bbdefault\u00a0\u00bb global_colors_info=\u00a0\u00bb{}\u00a0\u00bb][et_pb_column type=\u00a0\u00bb4_4&Prime; _builder_version=\u00a0\u00bb4.27.4&Prime; _module_preset=\u00a0\u00bbdefault\u00a0\u00bb global_colors_info=\u00a0\u00bb{}\u00a0\u00bb][et_pb_text _builder_version=\u00a0\u00bb4.27.4&Prime; _module_preset=\u00a0\u00bbdefault\u00a0\u00bb text_font=\u00a0\u00bbMontserrat||||||||\u00a0\u00bb text_text_color=\u00a0\u00bb#FFFFFF\u00a0\u00bb text_font_size=\u00a0\u00bb24px\u00a0\u00bb global_colors_info=\u00a0\u00bb{}\u00a0\u00bb]<\/p>\n<p>Retours clients<\/p>\n<p>[\/et_pb_text][\/et_pb_column][\/et_pb_row][et_pb_row column_structure=\u00a0\u00bb1_3,1_3,1_3&Prime; _builder_version=\u00a0\u00bb4.27.4&Prime; _module_preset=\u00a0\u00bbdefault\u00a0\u00bb global_colors_info=\u00a0\u00bb{}\u00a0\u00bb][et_pb_column type=\u00a0\u00bb1_3&Prime; _builder_version=\u00a0\u00bb4.27.4&Prime; _module_preset=\u00a0\u00bbdefault\u00a0\u00bb global_colors_info=\u00a0\u00bb{}\u00a0\u00bb][et_pb_blurb title=\u00a0\u00bbSt\u00e9phanie Gillard \u00a0\u00bb image=\u00a0\u00bbhttps:\/\/cms2501.commu.isfsc.be\/wp-content\/uploads\/2025\/12\/1-scaled.jpg\u00a0\u00bb _builder_version=\u00a0\u00bb4.27.4&Prime; _module_preset=\u00a0\u00bbdefault\u00a0\u00bb header_font=\u00a0\u00bbMontserrat||||||||\u00a0\u00bb header_text_color=\u00a0\u00bb#FFFFFF\u00a0\u00bb body_text_color=\u00a0\u00bb#D6CAE3&Prime; background_color=\u00a0\u00bb#663D63&Prime; width=\u00a0\u00bb94%\u00a0\u00bb module_alignment=\u00a0\u00bbcenter\u00a0\u00bb custom_padding=\u00a0\u00bb||0px|||\u00a0\u00bb inline_fonts=\u00a0\u00bbMontserrat\u00a0\u00bb global_colors_info=\u00a0\u00bb{}\u00a0\u00bb]<\/p>\n<p><span style=\"font-family: Montserrat; font-weight: normal; color: #ffffff;\">J&rsquo;ai fait appel \u00e0 l&rsquo;agence Mia Femina afin de m&rsquo;aider pour sortir une campagne digitale pour le lancement de mon nouveau livre sur le d\u00e9veloppement mental. L&rsquo;\u00e9quipe est formidable, mais surtout passionn\u00e9e ! La team m&rsquo;a accompagn\u00e9 de A \u00e0 Z et a fait preuve d&rsquo;une grande compr\u00e9hension sur mes objectifs ! un grand merci \u00e0 eux !<\/span><\/p>\n<p>[\/et_pb_blurb][\/et_pb_column][et_pb_column type=\u00a0\u00bb1_3&Prime; _builder_version=\u00a0\u00bb4.27.4&Prime; _module_preset=\u00a0\u00bbdefault\u00a0\u00bb global_colors_info=\u00a0\u00bb{}\u00a0\u00bb][et_pb_blurb title=\u00a0\u00bbJean-Fran\u00e7ois Van Puten \u00a0\u00bb image=\u00a0\u00bbhttps:\/\/cms2501.commu.isfsc.be\/wp-content\/uploads\/2025\/12\/3.jpg\u00a0\u00bb content_max_width=\u00a0\u00bb372px\u00a0\u00bb _builder_version=\u00a0\u00bb4.27.4&Prime; _module_preset=\u00a0\u00bbdefault\u00a0\u00bb header_font=\u00a0\u00bbMontserrat||||||||\u00a0\u00bb header_text_color=\u00a0\u00bb#FFFFFF\u00a0\u00bb body_text_color=\u00a0\u00bb#D6CAE3&Prime; background_color=\u00a0\u00bb#663D63&Prime; width=\u00a0\u00bb92%\u00a0\u00bb module_alignment=\u00a0\u00bbcenter\u00a0\u00bb custom_padding=\u00a0\u00bb0px||6px|||\u00a0\u00bb inline_fonts=\u00a0\u00bbMontserrat\u00a0\u00bb global_colors_info=\u00a0\u00bb{}\u00a0\u00bb]<\/p>\n<p data-start=\"100\" data-end=\"555\"><span style=\"font-family: Montserrat; font-weight: normal; color: #ffffff;\">J\u2019ai contact\u00e9 l\u2019agence Mia Femina pour organiser un \u00e9v\u00e9nement interne et repenser toute notre communication. L\u2019\u00e9quipe a \u00e9t\u00e9 superbe : elle a m\u00eame form\u00e9 deux membres du personnel pour que nous puissions poursuivre le travail en autonomie. R\u00e9sultat : un accompagnement clair, structur\u00e9 et surtout humain. Ce que j\u2019ai le plus appr\u00e9ci\u00e9, c\u2019est leur pr\u00e9sence, leur suivi et leur implication le jour de l\u2019\u00e9v\u00e9nement. Je recommande l\u2019agence \u00e0 tous mes clients.<\/span><\/p>\n<p>[\/et_pb_blurb][\/et_pb_column][et_pb_column type=\u00a0\u00bb1_3&Prime; _builder_version=\u00a0\u00bb4.27.4&Prime; _module_preset=\u00a0\u00bbdefault\u00a0\u00bb global_colors_info=\u00a0\u00bb{}\u00a0\u00bb][et_pb_image src=\u00a0\u00bbhttps:\/\/cms2501.commu.isfsc.be\/wp-content\/uploads\/2025\/12\/Sans-titre-n-pdf.jpg\u00a0\u00bb title_text=\u00a0\u00bbSans titre n\u00a0\u00bb _builder_version=\u00a0\u00bb4.27.4&Prime; _module_preset=\u00a0\u00bbdefault\u00a0\u00bb width=\u00a0\u00bb87%\u00a0\u00bb module_alignment=\u00a0\u00bbcenter\u00a0\u00bb global_colors_info=\u00a0\u00bb{}\u00a0\u00bb][\/et_pb_image][et_pb_text _builder_version=\u00a0\u00bb4.27.4&Prime; _module_preset=\u00a0\u00bbdefault\u00a0\u00bb text_text_color=\u00a0\u00bb#FFFFFF\u00a0\u00bb inline_fonts=\u00a0\u00bbMontserrat\u00a0\u00bb global_colors_info=\u00a0\u00bb{}\u00a0\u00bb]<\/p>\n<h4 class=\"et_pb_module_header et-fb-editable-element et-fb-editable-element__editing\" data-shortcode-id=\"0.2.1.0-1766672519747\" data-quickaccess-id=\"header\" contenteditable=\"true\"><span style=\"color: #ffffff; font-family: Montserrat;\">Jessy Mabina<\/span><\/h4>\n<p data-start=\"141\" data-end=\"374\"><span style=\"font-family: Montserrat; font-weight: normal; color: #ffffff;\">Je viens de lancer une marque d\u00e9di\u00e9e aux cheveux textur\u00e9s. J\u2019avais d\u00e9j\u00e0 travaill\u00e9 avec Mia Femina pour l\u2019ouverture de mon troisi\u00e8me salon, et j\u2019ai d\u00e9cid\u00e9 de leur refaire confiance pour promouvoir ma marque.<\/span><\/p>\n<p data-start=\"376\" data-end=\"705\"><span style=\"font-family: Montserrat; font-weight: normal; color: #ffffff;\">Mon budget \u00e9tait petit (10K), et j\u2019avais peur que ce soit insuffisant\u2026 mais ils ont trouv\u00e9 des solutions adapt\u00e9es. En une semaine de campagne, j\u2019ai vu les premiers r\u00e9sultats et j\u2019ai pu rentabiliser mon investissement. Ce n\u2019est pas de la magie, c\u2019est un accompagnement humain, r\u00e9aliste et bien pens\u00e9. Merci \u00e0 toute l\u2019\u00e9quipe.<\/span><\/p>\n<p>[\/et_pb_text][\/et_pb_column][\/et_pb_row][et_pb_row _builder_version=\u00a0\u00bb4.27.4&Prime; _module_preset=\u00a0\u00bbdefault\u00a0\u00bb global_colors_info=\u00a0\u00bb{}\u00a0\u00bb][et_pb_column type=\u00a0\u00bb4_4&Prime; _builder_version=\u00a0\u00bb4.27.4&Prime; _module_preset=\u00a0\u00bbdefault\u00a0\u00bb global_colors_info=\u00a0\u00bb{}\u00a0\u00bb][et_pb_button button_url=\u00a0\u00bbhttps:\/\/cms2501.commu.isfsc.be\/?page_id=26&#038;et_fb=1&#038;PageSpeed=off\u00a0\u00bb button_text=\u00a0\u00bbAccueil \u00a0\u00bb _builder_version=\u00a0\u00bb4.27.4&Prime; _module_preset=\u00a0\u00bbdefault\u00a0\u00bb custom_button=\u00a0\u00bbon\u00a0\u00bb button_text_color=\u00a0\u00bb#D6CAE3&Prime; global_colors_info=\u00a0\u00bb{}\u00a0\u00bb][\/et_pb_button][\/et_pb_column][\/et_pb_row][\/et_pb_section]<\/p>\n","protected":false},"excerpt":{"rendered":"<p>ServicesImaginer et d\u00e9ployer une campagne 360\u00b0 qui vous ressemble : digital, r\u00e9seau sociaux, contenu, affichage, presse, collaborations ou activation terrain. L\u2019objectif n\u2019est pas d\u2019\u00eatre partout, mais d\u2019\u00eatre pr\u00e9sent l\u00e0 o\u00f9 \u00e7a a du sens. Nous construisons une campagne coh\u00e9rente, align\u00e9e \u00e0 vos valeurs, du concept \u00e0 la diffusion, pour donner de la visibilit\u00e9 \u00e0 votre [&hellip;]<\/p>\n","protected":false},"author":2,"featured_media":0,"parent":0,"menu_order":0,"comment_status":"closed","ping_status":"closed","template":"","meta":{"_et_pb_use_builder":"on","_et_pb_old_content":"","_et_gb_content_width":"","footnotes":""},"class_list":["post-87","page","type-page","status-publish","hentry"],"_links":{"self":[{"href":"https:\/\/cms2501.commu.isfsc.be\/index.php\/wp-json\/wp\/v2\/pages\/87","targetHints":{"allow":["GET"]}}],"collection":[{"href":"https:\/\/cms2501.commu.isfsc.be\/index.php\/wp-json\/wp\/v2\/pages"}],"about":[{"href":"https:\/\/cms2501.commu.isfsc.be\/index.php\/wp-json\/wp\/v2\/types\/page"}],"author":[{"embeddable":true,"href":"https:\/\/cms2501.commu.isfsc.be\/index.php\/wp-json\/wp\/v2\/users\/2"}],"replies":[{"embeddable":true,"href":"https:\/\/cms2501.commu.isfsc.be\/index.php\/wp-json\/wp\/v2\/comments?post=87"}],"version-history":[{"count":20,"href":"https:\/\/cms2501.commu.isfsc.be\/index.php\/wp-json\/wp\/v2\/pages\/87\/revisions"}],"predecessor-version":[{"id":455,"href":"https:\/\/cms2501.commu.isfsc.be\/index.php\/wp-json\/wp\/v2\/pages\/87\/revisions\/455"}],"wp:attachment":[{"href":"https:\/\/cms2501.commu.isfsc.be\/index.php\/wp-json\/wp\/v2\/media?parent=87"}],"curies":[{"name":"wp","href":"https:\/\/api.w.org\/{rel}","templated":true}]}}