{"id":67,"date":"2025-12-02T13:41:57","date_gmt":"2025-12-02T13:41:57","guid":{"rendered":"https:\/\/cms2501.commu.isfsc.be\/?page_id=67"},"modified":"2025-12-29T15:29:56","modified_gmt":"2025-12-29T15:29:56","slug":"a-propos","status":"publish","type":"page","link":"https:\/\/cms2501.commu.isfsc.be\/index.php\/a-propos\/","title":{"rendered":"Agence"},"content":{"rendered":"<p>[et_pb_section fb_built=\u00a0\u00bb1&Prime; _builder_version=\u00a0\u00bb4.27.4&Prime; _module_preset=\u00a0\u00bbdefault\u00a0\u00bb background_color=\u00a0\u00bb#663D63&Prime; global_colors_info=\u00a0\u00bb{}\u00a0\u00bb][et_pb_row _builder_version=\u00a0\u00bb4.27.4&Prime; _module_preset=\u00a0\u00bbdefault\u00a0\u00bb module_alignment=\u00a0\u00bbleft\u00a0\u00bb custom_padding=\u00a0\u00bb0px|||||\u00a0\u00bb global_colors_info=\u00a0\u00bb{}\u00a0\u00bb][et_pb_column type=\u00a0\u00bb4_4&Prime; _builder_version=\u00a0\u00bb4.27.4&Prime; _module_preset=\u00a0\u00bbdefault\u00a0\u00bb global_colors_info=\u00a0\u00bb{}\u00a0\u00bb][et_pb_divider show_divider=\u00a0\u00bboff\u00a0\u00bb _builder_version=\u00a0\u00bb4.27.5&Prime; _module_preset=\u00a0\u00bbdefault\u00a0\u00bb animation_style=\u00a0\u00bbfold\u00a0\u00bb animation_direction=\u00a0\u00bbright\u00a0\u00bb animation_duration=\u00a0\u00bb1150ms\u00a0\u00bb animation_delay=\u00a0\u00bb1100ms\u00a0\u00bb global_colors_info=\u00a0\u00bb{}\u00a0\u00bb][\/et_pb_divider][et_pb_image src=\u00a0\u00bbhttps:\/\/cms2501.commu.isfsc.be\/wp-content\/uploads\/2025\/12\/IMG_0018.jpg\u00a0\u00bb title_text=\u00a0\u00bbIMG_0018&Prime; _builder_version=\u00a0\u00bb4.27.5&Prime; _module_preset=\u00a0\u00bbdefault\u00a0\u00bb transform_translate=\u00a0\u00bb236px|-28px\u00a0\u00bb width=\u00a0\u00bb100%\u00a0\u00bb max_width=\u00a0\u00bb59%\u00a0\u00bb module_alignment=\u00a0\u00bbcenter\u00a0\u00bb min_height=\u00a0\u00bb130px\u00a0\u00bb custom_margin=\u00a0\u00bb|||-1410px||\u00a0\u00bb custom_padding=\u00a0\u00bb|128px||0px||\u00a0\u00bb animation_style=\u00a0\u00bbfold\u00a0\u00bb animation_direction=\u00a0\u00bbright\u00a0\u00bb animation_duration=\u00a0\u00bb2000ms\u00a0\u00bb animation_delay=\u00a0\u00bb150ms\u00a0\u00bb animation_intensity_fold=\u00a0\u00bb90%\u00a0\u00bb hover_enabled=\u00a0\u00bb0&Prime; box_shadow_style=\u00a0\u00bbpreset2&Prime; box_shadow_horizontal=\u00a0\u00bb-12px\u00a0\u00bb global_colors_info=\u00a0\u00bb{}\u00a0\u00bb sticky_enabled=\u00a0\u00bb0&Prime;][\/et_pb_image][\/et_pb_column][\/et_pb_row][et_pb_row _builder_version=\u00a0\u00bb4.27.4&Prime; _module_preset=\u00a0\u00bbdefault\u00a0\u00bb global_colors_info=\u00a0\u00bb{}\u00a0\u00bb][et_pb_column type=\u00a0\u00bb4_4&Prime; _builder_version=\u00a0\u00bb4.27.4&Prime; _module_preset=\u00a0\u00bbdefault\u00a0\u00bb global_colors_info=\u00a0\u00bb{}\u00a0\u00bb][et_pb_text _builder_version=\u00a0\u00bb4.27.4&Prime; _module_preset=\u00a0\u00bbdefault\u00a0\u00bb text_font=\u00a0\u00bbIM Fell French Canon||||||||\u00a0\u00bb text_text_color=\u00a0\u00bb#FFFFFF\u00a0\u00bb text_font_size=\u00a0\u00bb65px\u00a0\u00bb custom_padding=\u00a0\u00bb||20px|||\u00a0\u00bb global_colors_info=\u00a0\u00bb{}\u00a0\u00bb]<\/p>\n<p>\u00c0 propos<\/p>\n<p>[\/et_pb_text][\/et_pb_column][\/et_pb_row][et_pb_row column_structure=\u00a0\u00bb1_3,1_3,1_3&Prime; _builder_version=\u00a0\u00bb4.27.4&Prime; _module_preset=\u00a0\u00bbdefault\u00a0\u00bb global_colors_info=\u00a0\u00bb{}\u00a0\u00bb][et_pb_column type=\u00a0\u00bb1_3&Prime; _builder_version=\u00a0\u00bb4.27.4&Prime; _module_preset=\u00a0\u00bbdefault\u00a0\u00bb global_colors_info=\u00a0\u00bb{}\u00a0\u00bb][et_pb_toggle title=\u00a0\u00bbNOTRE HISTOIRE \u00a0\u00bb open_toggle_text_color=\u00a0\u00bb#FFFFFF\u00a0\u00bb _builder_version=\u00a0\u00bb4.27.4&Prime; _module_preset=\u00a0\u00bbdefault\u00a0\u00bb title_text_color=\u00a0\u00bb#FFFFFF\u00a0\u00bb title_font=\u00a0\u00bbMontserrat||||||||\u00a0\u00bb background_color=\u00a0\u00bb#663D63&Prime; inline_fonts=\u00a0\u00bbGeorgia,Anonymous Pro,Montserrat\u00a0\u00bb global_colors_info=\u00a0\u00bb{}\u00a0\u00bb]<\/p>\n<p style=\"text-align: left;\"><span style=\"font-family: Montserrat; font-weight: normal; color: #ffffff;\">Tout commence en 2023, lorsque des cr\u00e9atives anim\u00e9es par une m\u00eame vision se r\u00e9unissent pour imaginer un projet commun. De cette rencontre na\u00eet <strong data-start=\"264\" data-end=\"278\">Mia Femina<\/strong>, une agence port\u00e9e par la passion, la cr\u00e9ativit\u00e9 et l\u2019envie de cr\u00e9er autrement.<\/span><br data-start=\"358\" data-end=\"361\" \/><span style=\"font-family: Montserrat; font-weight: normal; color: #ffffff;\">Aujourd\u2019hui encore, cette aventure collective continue de guider chacune de nos id\u00e9es et de donner vie \u00e0 des projets porteurs de sens.<\/span><\/p>\n<p class=\"p1\">[\/et_pb_toggle][\/et_pb_column][et_pb_column type=\u00a0\u00bb1_3&Prime; _builder_version=\u00a0\u00bb4.27.4&Prime; _module_preset=\u00a0\u00bbdefault\u00a0\u00bb global_colors_info=\u00a0\u00bb{}\u00a0\u00bb][et_pb_toggle title=\u00a0\u00bbNOTRE VISION \u00a0\u00bb open_toggle_text_color=\u00a0\u00bb#FFFFFF\u00a0\u00bb _builder_version=\u00a0\u00bb4.27.4&Prime; _module_preset=\u00a0\u00bbdefault\u00a0\u00bb title_text_color=\u00a0\u00bb#FFFFFF\u00a0\u00bb title_font=\u00a0\u00bbMontserrat||||||||\u00a0\u00bb background_color=\u00a0\u00bb#663D63&Prime; custom_margin=\u00a0\u00bb||106px|||\u00a0\u00bb inline_fonts=\u00a0\u00bbGeorgia\u00a0\u00bb global_colors_info=\u00a0\u00bb{}\u00a0\u00bb]<\/p>\n<p class=\"p1\"><span style=\"color: #f9f9f9;\">Notre vision est de cr\u00e9er une agence qui fait plus que r\u00e9aliser des projets : <\/span><\/p>\n<p class=\"p1\"><span style=\"color: #f9f9f9;\">N<\/span><span style=\"color: #f9f9f9;\">ous voulons donner du sens, de la personnalit\u00e9 et une vraie identit\u00e9 \u00e0 chaque cr\u00e9ation.<\/span><\/p>\n<p class=\"p1\"><span style=\"color: #f9f9f9;\">Chez Mia Femina, nous croyons qu\u2019un projet r\u00e9ussi doit raconter quelque chose, transmettre une \u00e9motion et marquer les esprits.<\/span><\/p>\n<p class=\"p1\"><span style=\"color: #f9f9f9;\">Notre ambition est simple : transformer chaque id\u00e9e en une exp\u00e9rience unique et inspirante.<\/span><\/p>\n<p>.<\/p>\n<p>[\/et_pb_toggle][\/et_pb_column][et_pb_column type=\u00a0\u00bb1_3&Prime; _builder_version=\u00a0\u00bb4.27.4&Prime; _module_preset=\u00a0\u00bbdefault\u00a0\u00bb global_colors_info=\u00a0\u00bb{}\u00a0\u00bb][et_pb_toggle title=\u00a0\u00bbNOS VALEURS \u00a0\u00bb open_toggle_text_color=\u00a0\u00bb#FFFFFF\u00a0\u00bb _builder_version=\u00a0\u00bb4.27.4&Prime; _module_preset=\u00a0\u00bbdefault\u00a0\u00bb title_text_color=\u00a0\u00bb#FFFFFF\u00a0\u00bb title_font=\u00a0\u00bbMontserrat||||||||\u00a0\u00bb background_color=\u00a0\u00bb#663D63&Prime; inline_fonts=\u00a0\u00bbGeorgia\u00a0\u00bb global_colors_info=\u00a0\u00bb{}\u00a0\u00bb]<\/p>\n<p class=\"p1\"><span style=\"color: #ffffff;\"><span class=\"s1\">Nos valeurs sont ce qui donne son identit\u00e9 \u00e0 <\/span><span class=\"s2\">Mia Femina<\/span><span class=\"s1\">.<\/span><\/span><\/p>\n<p class=\"p1\"><span class=\"s1\" style=\"color: #ffffff;\">Nous croyons en une cr\u00e9ativit\u00e9 sinc\u00e8re, qui ose proposer des id\u00e9es nouvelles sans perdre de vue l\u2019essentiel : comprendre ceux avec qui nous travaillons.<\/span><\/p>\n<p class=\"p1\"><span class=\"s1\" style=\"color: #ffffff;\">Nous avan\u00e7ons avec s\u00e9rieux, respect et passion, en donnant toujours le meilleur de nous-m\u00eames pour cr\u00e9er des projets qui ont du sens et qui refl\u00e8tent vraiment l\u2019histoire de chaque client.<\/span><\/p>\n<p>&nbsp;<\/p>\n<p>[\/et_pb_toggle][\/et_pb_column][\/et_pb_row][et_pb_row _builder_version=\u00a0\u00bb4.27.4&Prime; _module_preset=\u00a0\u00bbdefault\u00a0\u00bb min_height=\u00a0\u00bb512.4px\u00a0\u00bb global_colors_info=\u00a0\u00bb{}\u00a0\u00bb][et_pb_column type=\u00a0\u00bb4_4&Prime; _builder_version=\u00a0\u00bb4.27.4&Prime; _module_preset=\u00a0\u00bbdefault\u00a0\u00bb global_colors_info=\u00a0\u00bb{}\u00a0\u00bb][et_pb_image src=\u00a0\u00bbhttps:\/\/cms2501.commu.isfsc.be\/wp-content\/uploads\/2025\/12\/IMG_9831-4-scaled.jpg\u00a0\u00bb title_text=\u00a0\u00bbIMG_9831 4&Prime; _builder_version=\u00a0\u00bb4.27.5&Prime; _module_preset=\u00a0\u00bbdefault\u00a0\u00bb width=\u00a0\u00bb41%\u00a0\u00bb module_alignment=\u00a0\u00bbcenter\u00a0\u00bb animation_style=\u00a0\u00bbzoom\u00a0\u00bb animation_duration=\u00a0\u00bb1150ms\u00a0\u00bb animation_delay=\u00a0\u00bb550ms\u00a0\u00bb global_colors_info=\u00a0\u00bb{}\u00a0\u00bb][\/et_pb_image][et_pb_text _builder_version=\u00a0\u00bb4.27.4&Prime; _module_preset=\u00a0\u00bbdefault\u00a0\u00bb text_font=\u00a0\u00bbMontserrat||||||||\u00a0\u00bb text_text_color=\u00a0\u00bb#ac75d1&Prime; header_text_align=\u00a0\u00bbcenter\u00a0\u00bb header_text_color=\u00a0\u00bb#5d008c\u00a0\u00bb text_orientation=\u00a0\u00bbcenter\u00a0\u00bb width=\u00a0\u00bb46%\u00a0\u00bb module_alignment=\u00a0\u00bbcenter\u00a0\u00bb min_height=\u00a0\u00bb99.6px\u00a0\u00bb custom_margin=\u00a0\u00bb|||-380px||\u00a0\u00bb custom_padding=\u00a0\u00bb|||0px||\u00a0\u00bb global_colors_info=\u00a0\u00bb{}\u00a0\u00bb]<\/p>\n<p style=\"text-align: left;\"><span style=\"color: #c2abd1; font-size: 14px; text-align: center;\">Une \u00e9quipe pluridisciplinaire unie par la cr\u00e9ation et l\u2019engagement.<\/span><span class=\"s1\" style=\"color: #c2abd1;\"><\/span><\/p>\n<p style=\"text-align: center;\"><span class=\"s1\" style=\"color: #bda1d1;\">Chaque projet est pens\u00e9 avec sens et intention.<\/span><\/p>\n<p>[\/et_pb_text][\/et_pb_column][\/et_pb_row][et_pb_row column_structure=\u00a0\u00bb1_4,1_4,1_4,1_4&Prime; _builder_version=\u00a0\u00bb4.27.4&Prime; _module_preset=\u00a0\u00bbdefault\u00a0\u00bb min_height=\u00a0\u00bb358.8px\u00a0\u00bb custom_margin=\u00a0\u00bb16px|auto||auto||\u00a0\u00bb global_colors_info=\u00a0\u00bb{}\u00a0\u00bb][et_pb_column type=\u00a0\u00bb1_4&Prime; _builder_version=\u00a0\u00bb4.27.4&Prime; _module_preset=\u00a0\u00bbdefault\u00a0\u00bb global_colors_info=\u00a0\u00bb{}\u00a0\u00bb][et_pb_image src=\u00a0\u00bbhttps:\/\/cms2501.commu.isfsc.be\/wp-content\/uploads\/2025\/12\/IMG_3514.jpg\u00a0\u00bb title_text=\u00a0\u00bbIMG_3514&Prime; _builder_version=\u00a0\u00bb4.27.4&Prime; _module_preset=\u00a0\u00bbdefault\u00a0\u00bb width=\u00a0\u00bb85%\u00a0\u00bb module_alignment=\u00a0\u00bbcenter\u00a0\u00bb custom_margin=\u00a0\u00bb||20px|||\u00a0\u00bb custom_padding=\u00a0\u00bb|8px||||\u00a0\u00bb border_color_all=\u00a0\u00bb#FFFFFF\u00a0\u00bb global_colors_info=\u00a0\u00bb{}\u00a0\u00bb][\/et_pb_image][et_pb_toggle title=\u00a0\u00bbBen belgacem Iness\u00a0\u00bb open_toggle_text_color=\u00a0\u00bb#FFFFFF\u00a0\u00bb _builder_version=\u00a0\u00bb4.27.4&Prime; _module_preset=\u00a0\u00bbdefault\u00a0\u00bb title_text_color=\u00a0\u00bb#FFFFFF\u00a0\u00bb title_font=\u00a0\u00bbPoppins||||||||\u00a0\u00bb background_color=\u00a0\u00bb#663D63&Prime; width=\u00a0\u00bb97.6%\u00a0\u00bb custom_margin=\u00a0\u00bb|11px|-14px|||\u00a0\u00bb inline_fonts=\u00a0\u00bbMontserrat\u00a0\u00bb global_colors_info=\u00a0\u00bb{}\u00a0\u00bb]<\/p>\n<p><span class=\"s1\" style=\"font-family: Montserrat; font-weight: normal; color: #ffffff;\">Elle est en charge de la dimension cr\u00e9ative du projet, de la recherche d\u2019id\u00e9es \u00e0 leur mise en forme. Elle contribue \u00e0 l\u2019univers visuel et conceptuel du groupe, en apportant une vision originale et coh\u00e9rente avec l\u2019identit\u00e9 de MIA FEMINA.<\/span><\/p>\n<p>[\/et_pb_toggle][\/et_pb_column][et_pb_column type=\u00a0\u00bb1_4&Prime; _builder_version=\u00a0\u00bb4.27.4&Prime; _module_preset=\u00a0\u00bbdefault\u00a0\u00bb global_colors_info=\u00a0\u00bb{}\u00a0\u00bb][et_pb_image src=\u00a0\u00bbhttps:\/\/cms2501.commu.isfsc.be\/wp-content\/uploads\/2025\/12\/IMG_8149-2.jpg\u00a0\u00bb title_text=\u00a0\u00bbIMG_8149 2&Prime; _builder_version=\u00a0\u00bb4.27.4&Prime; _module_preset=\u00a0\u00bbdefault\u00a0\u00bb width=\u00a0\u00bb100%\u00a0\u00bb max_width=\u00a0\u00bb87%\u00a0\u00bb module_alignment=\u00a0\u00bbcenter\u00a0\u00bb border_color_all=\u00a0\u00bb#FFFFFF\u00a0\u00bb global_colors_info=\u00a0\u00bb{}\u00a0\u00bb][\/et_pb_image][et_pb_toggle title=\u00a0\u00bbAhmed Cheik Asma\u00a0\u00bb open_toggle_text_color=\u00a0\u00bb#FFFFFF\u00a0\u00bb _builder_version=\u00a0\u00bb4.27.4&Prime; _module_preset=\u00a0\u00bbdefault\u00a0\u00bb title_text_color=\u00a0\u00bb#FFFFFF\u00a0\u00bb title_font=\u00a0\u00bbPoppins||||||||\u00a0\u00bb background_color=\u00a0\u00bb#663D63&Prime; width=\u00a0\u00bb100%\u00a0\u00bb custom_margin=\u00a0\u00bb7px|||||\u00a0\u00bb inline_fonts=\u00a0\u00bbMontserrat\u00a0\u00bb global_colors_info=\u00a0\u00bb{}\u00a0\u00bb]<\/p>\n<p><span style=\"font-family: Montserrat; font-weight: normal; color: #fcfcfc;\"><span class=\"s1\">Elle intervient principalement lors des phases de r\u00e9flexion et d\u2019id\u00e9ation du projet. <\/span><span class=\"s1\">Elle contribue aux \u00e9changes collectifs en apportant des id\u00e9es, des pistes de r\u00e9flexion et des points de vue compl\u00e9mentaires.\u00a0 \u00a0 \u00a0 \u00a0 <\/span><span style=\"font-size: 14px;\">Sa participation permet d\u2019enrichir la r\u00e9flexion globale de l&rsquo;agence.\u00a0<\/span><\/span><\/p>\n<p>[\/et_pb_toggle][\/et_pb_column][et_pb_column type=\u00a0\u00bb1_4&Prime; _builder_version=\u00a0\u00bb4.27.4&Prime; _module_preset=\u00a0\u00bbdefault\u00a0\u00bb global_colors_info=\u00a0\u00bb{}\u00a0\u00bb][et_pb_image src=\u00a0\u00bbhttps:\/\/cms2501.commu.isfsc.be\/wp-content\/uploads\/2025\/12\/IMG_9454-3.jpg\u00a0\u00bb title_text=\u00a0\u00bbScreenshot\u00a0\u00bb align=\u00a0\u00bbcenter\u00a0\u00bb _builder_version=\u00a0\u00bb4.27.4&Prime; _module_preset=\u00a0\u00bbdefault\u00a0\u00bb background_color=\u00a0\u00bbRGBA(255,255,255,0)\u00a0\u00bb width=\u00a0\u00bb100%\u00a0\u00bb max_width=\u00a0\u00bb100%\u00a0\u00bb module_alignment=\u00a0\u00bbcenter\u00a0\u00bb min_height=\u00a0\u00bb174.3px\u00a0\u00bb custom_padding=\u00a0\u00bb|11px||19px||\u00a0\u00bb border_color_all=\u00a0\u00bb#FFFFFF\u00a0\u00bb global_colors_info=\u00a0\u00bb{}\u00a0\u00bb][\/et_pb_image][et_pb_toggle title=\u00a0\u00bbEl khattabi Safae\u00a0\u00bb open_toggle_text_color=\u00a0\u00bb#FFFFFF\u00a0\u00bb _builder_version=\u00a0\u00bb4.27.4&Prime; _module_preset=\u00a0\u00bbdefault\u00a0\u00bb title_text_color=\u00a0\u00bb#FFFFFF\u00a0\u00bb title_font=\u00a0\u00bbPoppins|500|||||||\u00a0\u00bb background_color=\u00a0\u00bb#663D63&Prime; width=\u00a0\u00bb100%\u00a0\u00bb custom_margin=\u00a0\u00bb7px|||||\u00a0\u00bb inline_fonts=\u00a0\u00bbMontserrat\u00a0\u00bb global_colors_info=\u00a0\u00bb{}\u00a0\u00bb]<\/p>\n<p><span style=\"font-family: Montserrat; font-weight: normal; color: #ffffff;\"><span class=\"s1\">En tant que <\/span><span class=\"s2\">coordinatrice du projet<\/span><span class=\"s1\">, elle assure l\u2019organisation g\u00e9n\u00e9rale du groupe et le suivi des diff\u00e9rentes \u00e9tapes. <\/span><span class=\"s1\">Elle veille \u00e0 la coh\u00e9rence globale entre la strat\u00e9gie, la cr\u00e9ation et la mise en \u0153uvre, tout en facilitant la collaboration entre les membres de l\u2019\u00e9quipe.<\/span><\/span><\/p>\n<p>[\/et_pb_toggle][\/et_pb_column][et_pb_column type=\u00a0\u00bb1_4&Prime; _builder_version=\u00a0\u00bb4.27.4&Prime; _module_preset=\u00a0\u00bbdefault\u00a0\u00bb global_colors_info=\u00a0\u00bb{}\u00a0\u00bb][et_pb_image src=\u00a0\u00bbhttps:\/\/cms2501.commu.isfsc.be\/wp-content\/uploads\/2025\/12\/017997a1-8873-4a24-80db-aac41045b224.jpg\u00a0\u00bb title_text=\u00a0\u00bb017997a1-8873-4a24-80db-aac41045b224&Prime; _builder_version=\u00a0\u00bb4.27.4&Prime; _module_preset=\u00a0\u00bbdefault\u00a0\u00bb width=\u00a0\u00bb88%\u00a0\u00bb module_alignment=\u00a0\u00bbcenter\u00a0\u00bb custom_padding=\u00a0\u00bb|||19px||\u00a0\u00bb border_color_all=\u00a0\u00bb#FFFFFF\u00a0\u00bb global_colors_info=\u00a0\u00bb{}\u00a0\u00bb][\/et_pb_image][et_pb_toggle title=\u00a0\u00bbHerr Lucas\u00a0\u00bb open_toggle_text_color=\u00a0\u00bb#FFFFFF\u00a0\u00bb _builder_version=\u00a0\u00bb4.27.4&Prime; _module_preset=\u00a0\u00bbdefault\u00a0\u00bb title_text_color=\u00a0\u00bb#FFFFFF\u00a0\u00bb title_font=\u00a0\u00bbMontserrat||||||||\u00a0\u00bb background_color=\u00a0\u00bb#663D63&Prime; width=\u00a0\u00bb100%\u00a0\u00bb custom_margin=\u00a0\u00bb7px|||||\u00a0\u00bb custom_padding=\u00a0\u00bb||21px|||\u00a0\u00bb ab_subject=\u00a0\u00bbon\u00a0\u00bb ab_subject_id=\u00a0\u00bb1&Prime; ab_goal=\u00a0\u00bbon\u00a0\u00bb inline_fonts=\u00a0\u00bbMontserrat\u00a0\u00bb global_colors_info=\u00a0\u00bb{}\u00a0\u00bb]<\/p>\n<p><span class=\"s1\" style=\"font-family: Montserrat; font-weight: normal; color: #ffffff;\">En tant qu\u2019assistant de la coordinatrice, il accompagne l\u2019organisation g\u00e9n\u00e9rale du projet et participe au suivi des diff\u00e9rentes \u00e9tapes. Il apporte \u00e9galement un soutien strat\u00e9gique \u00e0 l\u2019\u00e9quipe, en contribuant \u00e0 la r\u00e9flexion globale et \u00e0 la bonne coordination des actions men\u00e9es.<\/span><\/p>\n<p>[\/et_pb_toggle][et_pb_toggle title=\u00a0\u00bbHerr Lucas\u00a0\u00bb open_toggle_text_color=\u00a0\u00bb#FFFFFF\u00a0\u00bb _builder_version=\u00a0\u00bb4.27.4&Prime; _module_preset=\u00a0\u00bbdefault\u00a0\u00bb title_text_color=\u00a0\u00bb#FFFFFF\u00a0\u00bb title_font=\u00a0\u00bbPoppins||||||||\u00a0\u00bb background_color=\u00a0\u00bb#663D63&Prime; width=\u00a0\u00bb100%\u00a0\u00bb custom_margin=\u00a0\u00bb7px|||||\u00a0\u00bb ab_subject=\u00a0\u00bbon\u00a0\u00bb ab_subject_id=\u00a0\u00bb2&Prime; ab_goal=\u00a0\u00bbon\u00a0\u00bb inline_fonts=\u00a0\u00bbMontserrat\u00a0\u00bb global_colors_info=\u00a0\u00bb{}\u00a0\u00bb]<\/p>\n<p><span class=\"s1\" style=\"font-family: Montserrat; font-weight: normal; color: #ffffff;\">En tant qu\u2019assistant de la coordinatrice, il accompagne l\u2019organisation g\u00e9n\u00e9rale du projet et participe au suivi des diff\u00e9rentes \u00e9tapes. Il apporte \u00e9galement un soutien strat\u00e9gique \u00e0 l\u2019\u00e9quipe, en contribuant \u00e0 la r\u00e9flexion globale et \u00e0 la bonne coordination des actions men\u00e9es.<\/span><\/p>\n<p>[\/et_pb_toggle][\/et_pb_column][\/et_pb_row][et_pb_row _builder_version=\u00a0\u00bb4.27.4&Prime; _module_preset=\u00a0\u00bbdefault\u00a0\u00bb global_colors_info=\u00a0\u00bb{}\u00a0\u00bb][et_pb_column type=\u00a0\u00bb4_4&Prime; _builder_version=\u00a0\u00bb4.27.4&Prime; _module_preset=\u00a0\u00bbdefault\u00a0\u00bb global_colors_info=\u00a0\u00bb{}\u00a0\u00bb][et_pb_divider color=\u00a0\u00bb#D6CAE3&Prime; divider_style=\u00a0\u00bbdouble\u00a0\u00bb _builder_version=\u00a0\u00bb4.27.4&Prime; _module_preset=\u00a0\u00bbdefault\u00a0\u00bb global_colors_info=\u00a0\u00bb{}\u00a0\u00bb][\/et_pb_divider][\/et_pb_column][\/et_pb_row][et_pb_row column_structure=\u00a0\u00bb1_2,1_2&Prime; _builder_version=\u00a0\u00bb4.27.4&Prime; _module_preset=\u00a0\u00bbdefault\u00a0\u00bb global_colors_info=\u00a0\u00bb{}\u00a0\u00bb][et_pb_column type=\u00a0\u00bb1_2&Prime; _builder_version=\u00a0\u00bb4.27.4&Prime; _module_preset=\u00a0\u00bbdefault\u00a0\u00bb global_colors_info=\u00a0\u00bb{}\u00a0\u00bb][et_pb_button button_url=\u00a0\u00bbhttps:\/\/cms2501.commu.isfsc.be\/?page_id=26&#038;et_fb=1&#038;PageSpeed=off\u00a0\u00bb button_text=\u00a0\u00bbAccueil \u00a0\u00bb _builder_version=\u00a0\u00bb4.27.4&Prime; _module_preset=\u00a0\u00bbdefault\u00a0\u00bb custom_button=\u00a0\u00bbon\u00a0\u00bb button_text_color=\u00a0\u00bb#D6CAE3&Prime; global_colors_info=\u00a0\u00bb{}\u00a0\u00bb][\/et_pb_button][\/et_pb_column][et_pb_column type=\u00a0\u00bb1_2&Prime; _builder_version=\u00a0\u00bb4.27.4&Prime; _module_preset=\u00a0\u00bbdefault\u00a0\u00bb global_colors_info=\u00a0\u00bb{}\u00a0\u00bb][et_pb_button button_url=\u00a0\u00bbhttps:\/\/cms2501.commu.isfsc.be\/index.php\/126-2\/?et_fb=1&#038;PageSpeed=off\u00a0\u00bb button_text=\u00a0\u00bbContact \u00a0\u00bb _builder_version=\u00a0\u00bb4.27.4&Prime; _module_preset=\u00a0\u00bbdefault\u00a0\u00bb custom_button=\u00a0\u00bbon\u00a0\u00bb button_text_size=\u00a0\u00bb19px\u00a0\u00bb button_text_color=\u00a0\u00bb#D6CAE3&Prime; global_colors_info=\u00a0\u00bb{}\u00a0\u00bb][\/et_pb_button][\/et_pb_column][\/et_pb_row][\/et_pb_section]<\/p>\n","protected":false},"excerpt":{"rendered":"<p>\u00c0 proposTout commence en 2023, lorsque des cr\u00e9atives anim\u00e9es par une m\u00eame vision se r\u00e9unissent pour imaginer un projet commun. De cette rencontre na\u00eet Mia Femina, une agence port\u00e9e par la passion, la cr\u00e9ativit\u00e9 et l\u2019envie de cr\u00e9er autrement.Aujourd\u2019hui encore, cette aventure collective continue de guider chacune de nos id\u00e9es et de donner vie \u00e0 [&hellip;]<\/p>\n","protected":false},"author":3,"featured_media":0,"parent":0,"menu_order":0,"comment_status":"closed","ping_status":"closed","template":"","meta":{"_et_pb_use_builder":"on","_et_pb_old_content":"","_et_gb_content_width":"","footnotes":""},"class_list":["post-67","page","type-page","status-publish","hentry"],"_links":{"self":[{"href":"https:\/\/cms2501.commu.isfsc.be\/index.php\/wp-json\/wp\/v2\/pages\/67","targetHints":{"allow":["GET"]}}],"collection":[{"href":"https:\/\/cms2501.commu.isfsc.be\/index.php\/wp-json\/wp\/v2\/pages"}],"about":[{"href":"https:\/\/cms2501.commu.isfsc.be\/index.php\/wp-json\/wp\/v2\/types\/page"}],"author":[{"embeddable":true,"href":"https:\/\/cms2501.commu.isfsc.be\/index.php\/wp-json\/wp\/v2\/users\/3"}],"replies":[{"embeddable":true,"href":"https:\/\/cms2501.commu.isfsc.be\/index.php\/wp-json\/wp\/v2\/comments?post=67"}],"version-history":[{"count":45,"href":"https:\/\/cms2501.commu.isfsc.be\/index.php\/wp-json\/wp\/v2\/pages\/67\/revisions"}],"predecessor-version":[{"id":451,"href":"https:\/\/cms2501.commu.isfsc.be\/index.php\/wp-json\/wp\/v2\/pages\/67\/revisions\/451"}],"wp:attachment":[{"href":"https:\/\/cms2501.commu.isfsc.be\/index.php\/wp-json\/wp\/v2\/media?parent=67"}],"curies":[{"name":"wp","href":"https:\/\/api.w.org\/{rel}","templated":true}]}}